{"id":434,"date":"2023-06-29T11:19:37","date_gmt":"2023-06-29T11:19:37","guid":{"rendered":"https:\/\/sorianoadvocats.com\/politica-de-privadesa\/"},"modified":"2023-10-02T07:39:37","modified_gmt":"2023-10-02T07:39:37","slug":"politica-de-privadesa","status":"publish","type":"page","link":"https:\/\/sorianoadvocats.com\/ca\/politica-de-privadesa\/","title":{"rendered":"Pol\u00edtica de privadesa"},"content":{"rendered":"<p>[et_pb_section fb_built=&#8221;1&#8243; _builder_version=&#8221;4.21.0&#8243; _module_preset=&#8221;default&#8221; global_colors_info=&#8221;{}&#8221;][et_pb_row _builder_version=&#8221;4.21.0&#8243; _module_preset=&#8221;default&#8221; global_colors_info=&#8221;{}&#8221;][et_pb_column type=&#8221;4_4&#8243; _builder_version=&#8221;4.21.0&#8243; _module_preset=&#8221;default&#8221; global_colors_info=&#8221;{}&#8221;][et_pb_text _builder_version=&#8221;4.21.0&#8243; _module_preset=&#8221;default&#8221; global_colors_info=&#8221;{}&#8221;]<\/p>\n<h1>Pol\u00edtica de Privadesa<\/h1>\n<p>&nbsp;<\/p>\n<p><strong>Qui \u00e9s el responsable del tractament de les dades personals?<\/strong><\/p>\n<p>D&#8217;acord amb all\u00f2 establert a la normativa vigent, us informem que les dades personals que pugueu facilitar durant l&#8217;\u00fas de la web www.sorianoadvocats.com (d&#8217;ara endavant \u201cla Web\u201d) seran tractades en qualitat de Responsable del tractament per Enric Soriano Ortin (d&#8217;ara endavant \u00abSORIANO ADVOCATS\u00bb), amb DNI 40.976.492Z, amb domicili a Travessera de Gr\u00e0cia 18 \u2013 20, 1r 2a, 08021, Barcelona.<\/p>\n<p>Podreu posar-vos en contacte amb el Delegat de Protecci\u00f3 de Dades de SORIANO ADVOCATS a trav\u00e9s del Correu electr\u00f2nic: soriano@sorianoadvocats.com<\/p>\n<p><strong>Est\u00e0 obligat a facilitar dades personals?<\/strong><\/p>\n<p>La visita a la Web no suposa que l&#8217;usuari estigui obligat a facilitar cap informaci\u00f3 sobre ell mateix. Aix\u00f2 no obstant, l&#8217;\u00fas d&#8217;alguns dels serveis disponibles a la Web dep\u00e8n de l&#8217;emplenament de formularis d&#8217;informaci\u00f3 personal.<\/p>\n<p>Les dades que se sol\u00b7licitin als diferents formularis de la Web s\u00f3n les necess\u00e0ries per prestar els serveis sol\u00b7licitats. La negativa a proporcionar les dades assenyalades com a necess\u00e0ries pot suposar la impossibilitat de prestar adequadament aquests serveis. Aix\u00ed mateix, podr\u00e0 facilitar dades de manera volunt\u00e0ria amb l&#8217;objectiu que es puguin prestar de manera \u00f2ptima aquests serveis.<\/p>\n<p>Igualment, determinades funcionalitats de la web depenen que autoritzeu el tractament de les vostres dades personals.<\/p>\n<p><strong>Amb quina finalitat SORIANO ADVOCATS tractar\u00e0 les dades personals de l&#8217;usuari i quant de temps?<\/strong><\/p>\n<p>Les dades personals que faciliti per a la prestaci\u00f3 dels diferents serveis posats a disposici\u00f3 a trav\u00e9s del Lloc Web seran tractades per SORIANO ADVOCATS conforme a les finalitats seg\u00fcents:<\/p>\n<ul>\n<li><strong>En el cas del bloc<\/strong> la finalitat \u00e9s gestionar la publicaci\u00f3 dels comentaris i observacions que facin els usuaris.<\/li>\n<li>En cas que incloure algun correu de contacte facilitat, la finalitat ser\u00e0 la contestaci\u00f3 a la sol\u00b7licitud realitzada.<\/li>\n<li>En el cas de <strong>Serveis d&#8217;atenci\u00f3 telef\u00f2nica, les trucades fetes al servei d&#8217;Atenci\u00f3 al Client de SORIANO ADVOCATS poden ser enregistrades per motius de qualitat del servei.<\/strong><\/li>\n<li>Igualment, us informem que determinades funcionalitats de la web depenen de l&#8217;\u00fas de COOKIES, per la qual cosa, en cas que no hagi denegat la possibilitat del seu \u00fas, es procedir\u00e0 al tractament de determinada informaci\u00f3 relacionada amb el seu \u00fas del Web. Podeu veure les condicions per al seu \u00fas a la \u201cPol\u00edtica de Cookies\u201d.<br \/>En el moment de sol\u00b7licitar qualsevol dels serveis o fer \u00fas de les funcionalitats indicades, se us oferir\u00e0 informaci\u00f3 m\u00e9s detallada sobre els tractaments concrets.<\/li>\n<\/ul>\n<p><strong>Durant quant de temps tractar\u00e0 SORIANO ADVOCATS les dades personals<\/strong><\/p>\n<p>Les dades de l&#8217;Usuari seran conservades mentre siguin necess\u00e0ries per a la prestaci\u00f3 dels serveis sol\u00b7licitats i, una vegada finalitzada aquesta prestaci\u00f3, les dades seran conservades durant els terminis legalment exigits per a les possibles responsabilitats derivades del servei prestat.<\/p>\n<p>En el cas dels Usuaris registrats, el tractament de les dades es mantindr\u00e0 fins a la sol\u00b7licitud de la baixa del compte creat.<\/p>\n<p><strong>Quines categories de dades de l&#8217;usuari tractar\u00e0 SORIANO ADVOCATS?<\/strong><\/p>\n<p>Les dades personals necess\u00e0ries per a la prestaci\u00f3 dels diferents serveis disponibles seran les indicades al corresponent formulari habilitat a aquest efecte.<\/p>\n<p><strong>Quina \u00e9s la legitimaci\u00f3 del tractament de les dades de lusuari?<\/strong><\/p>\n<p>El tractament de les dades de l&#8217;Usuari per part de SORIANO ADVOCATS s&#8217;empara en la sol\u00b7licitud per part de l&#8217;Usuari dels serveis posats a disposici\u00f3 a trav\u00e9s del web o, si escau, en el consentiment que se us demani per a finalitats determinades, i que podr\u00e0 retirar en qualsevol moment. Aix\u00f2 no obstant, en cas de revocar-ne el consentiment, aix\u00f2 no afectar\u00e0 la licitud dels tractaments efectuats amb anterioritat.<\/p>\n<p><strong>A quins destinataris es comunicaran les dades de l&#8217;usuari?<\/strong><\/p>\n<p>Les dades personals facilitades per l&#8217;Usuari no seran comunicades a tercers, llevat que sigui necessari per a la prestaci\u00f3 dels serveis sol\u00b7licitats o quan l&#8217;usuari hagu\u00e9s acceptat expressament la seva comunicaci\u00f3. En ambd\u00f3s sup\u00f2sits, l&#8217;Usuari ser\u00e0 degudament informat de la possibilitat abans de procedir a la comunicaci\u00f3 de les seves dades personals.<\/p>\n<p><strong>Quina responsabilitat hi t\u00e9 l&#8217;usuari?<\/strong><\/p>\n<p>L&#8217;Usuari ser\u00e0 responsable que les dades que faciliti a SORIANO ADVOCATS siguin vertaderes, exactes, completes i actualitzades. A aquests efectes, l&#8217;Usuari respondr\u00e0 de la veracitat de totes les dades que comuniqui i haur\u00e0 de mantenir degudament actualitzada la informaci\u00f3 facilitada, de manera que respongui a la seva situaci\u00f3 real.<\/p>\n<p>Igualment, ser\u00e0 responsable de les informacions falses o inexactes que proporcioni a trav\u00e9s del Lloc Web i dels danys i perjudicis, directes o indirectes, que aix\u00f2 causi a SORIANO ADVOCATS oa tercers.<\/p>\n<p><strong>Quins drets t\u00e9 lusuari?<\/strong><\/p>\n<p>L&#8217;Usuari pot enviar un escrit a l&#8217;adre\u00e7a de SORIANO ADVOCATS oa trav\u00e9s de correu electr\u00f2nic soriano@sorianoadvocats.com, amb la Refer\u00e8ncia \u201cProtecci\u00f3 de Dades\u201d, adjuntant fotoc\u00f2pia del vostre document d&#8217;identitat, en qualsevol moment i de manera gratu\u00efta, per a:<\/p>\n<p>Revocar els consentiments atorgats.<br \/>Accedir a les vostres dades personals.<br \/>Rectificar les dades inexactes o incomplets.<br \/>Sol\u00b7licitar la supressi\u00f3 de les seves dades quan, entre altres motius, les dades ja no siguin necess\u00e0ries per a les finalitats recollides.<br \/>Obtenir de SORIANO ADVOCATS la limitaci\u00f3 del tractament de les dades quan es compleixi alguna de les condicions previstes a la normativa de protecci\u00f3 de dades.<br \/>Sol\u00b7licitar la portabilitat de les vostres dades.<br \/>Reclamar davant l&#8217;Ag\u00e8ncia Espanyola de Protecci\u00f3 de Dades (agpd.es) quan l&#8217;interessat consideri que SORIANO ADVOCATS ha vulnerat els drets reconeguts per la normativa aplicable en protecci\u00f3 de dades.<br \/>\u00c9s segur facilitar dades personals?<\/p>\n<p>SORIANO ADVOCATS tractar\u00e0 les dades de l&#8217;Usuari en tot moment de forma absolutament confidencial i guardar\u00e0 el preceptiu deure de secret respecte d&#8217;aquests, de conformitat amb all\u00f2 previst a la normativa d&#8217;aplicaci\u00f3, adoptant a aquest efecte les mesures d&#8217;\u00edndole t\u00e8cnica i organitzatives necess\u00e0ries que garanteixin la seguretat de les seves dades i evitin la seva alteraci\u00f3, p\u00e8rdua, tractament o acc\u00e9s no autoritzat, tenint en compte l&#8217;estat de la tecnologia, la naturalesa de les dades emmagatzemades i els riscos a qu\u00e8 estan exposats.<\/p>\n<p><strong>La pol\u00edtica de privadesa pot canviar?<\/strong><\/p>\n<p>SORIANO ADVOCATS es reserva el dret a modificar aquesta Pol\u00edtica de Privadesa per tal d&#8217;adaptar-la a les novetats legislatives que siguin procedents. En aquests sup\u00f2sits, anunciar\u00e0 al Lloc Web els canvis introdu\u00efts amb una antelaci\u00f3 raonable a la de la posada en pr\u00e0ctica.<\/p>\n<p>Darrera actualitzaci\u00f3: 25 de maig de 2018<\/p>\n<p>[\/et_pb_text][\/et_pb_column][\/et_pb_row][\/et_pb_section]<\/p>\n","protected":false},"excerpt":{"rendered":"<p>Pol\u00edtica de Privadesa &nbsp; Qui \u00e9s el responsable del tractament de les dades personals? D&#8217;acord amb all\u00f2 establert a la normativa vigent, us informem que les dades personals que pugueu facilitar durant l&#8217;\u00fas de la web www.sorianoadvocats.com (d&#8217;ara endavant \u201cla Web\u201d) seran tractades en qualitat de Responsable del tractament per Enric Soriano Ortin (d&#8217;ara endavant \u00abSORIANO ADVOCATS\u00bb), amb DNI 40.976.492Z, amb domicili a Travessera de Gr\u00e0cia 18 \u2013 20, 1r 2a, 08021, Barcelona. Podreu posar-vos en contacte amb el Delegat de Protecci\u00f3 de Dades de SORIANO ADVOCATS a trav\u00e9s del Correu electr\u00f2nic: soriano@sorianoadvocats.com Est\u00e0 obligat a facilitar dades personals? La visita a la Web no suposa que l&#8217;usuari estigui obligat a facilitar cap informaci\u00f3 sobre ell mateix. Aix\u00f2 no obstant, l&#8217;\u00fas d&#8217;alguns dels serveis disponibles a la Web dep\u00e8n de l&#8217;emplenament de formularis d&#8217;informaci\u00f3 personal. Les dades que se sol\u00b7licitin als diferents formularis de la Web s\u00f3n les necess\u00e0ries per prestar els serveis sol\u00b7licitats. La negativa a proporcionar les dades assenyalades com a necess\u00e0ries pot suposar la impossibilitat de prestar adequadament aquests serveis. Aix\u00ed mateix, podr\u00e0 facilitar dades de manera volunt\u00e0ria amb l&#8217;objectiu que es puguin prestar de manera \u00f2ptima aquests serveis. Igualment, determinades funcionalitats de la web depenen que [&hellip;]<\/p>\n","protected":false},"author":1,"featured_media":0,"parent":0,"menu_order":10,"comment_status":"closed","ping_status":"closed","template":"","meta":{"_et_pb_use_builder":"on","_et_pb_old_content":"","_et_gb_content_width":"","footnotes":""},"class_list":["post-434","page","type-page","status-publish","hentry"],"yoast_head":"<!-- This site is optimized with the Yoast SEO plugin v25.3 - https:\/\/yoast.com\/wordpress\/plugins\/seo\/ -->\n<title>Pol\u00edtica de privadesa - Soriano Advocats<\/title>\n<meta name=\"robots\" content=\"index, follow, max-snippet:-1, max-image-preview:large, max-video-preview:-1\" \/>\n<link rel=\"canonical\" href=\"https:\/\/sorianoadvocats.com\/politica-de-privacidad\/\" \/>\n<meta property=\"og:locale\" content=\"en_US\" \/>\n<meta property=\"og:type\" content=\"article\" \/>\n<meta property=\"og:title\" content=\"Pol\u00edtica de privadesa - Soriano Advocats\" \/>\n<meta property=\"og:description\" content=\"Pol\u00edtica de Privadesa &nbsp; Qui \u00e9s el responsable del tractament de les dades personals? D&#039;acord amb all\u00f2 establert a la normativa vigent, us informem que les dades personals que pugueu facilitar durant l&#039;\u00fas de la web www.sorianoadvocats.com (d&#039;ara endavant \u201cla Web\u201d) seran tractades en qualitat de Responsable del tractament per Enric Soriano Ortin (d&#039;ara endavant \u00abSORIANO ADVOCATS\u00bb), amb DNI 40.976.492Z, amb domicili a Travessera de Gr\u00e0cia 18 \u2013 20, 1r 2a, 08021, Barcelona. Podreu posar-vos en contacte amb el Delegat de Protecci\u00f3 de Dades de SORIANO ADVOCATS a trav\u00e9s del Correu electr\u00f2nic: soriano@sorianoadvocats.com Est\u00e0 obligat a facilitar dades personals? La visita a la Web no suposa que l&#039;usuari estigui obligat a facilitar cap informaci\u00f3 sobre ell mateix. Aix\u00f2 no obstant, l&#039;\u00fas d&#039;alguns dels serveis disponibles a la Web dep\u00e8n de l&#039;emplenament de formularis d&#039;informaci\u00f3 personal. Les dades que se sol\u00b7licitin als diferents formularis de la Web s\u00f3n les necess\u00e0ries per prestar els serveis sol\u00b7licitats. La negativa a proporcionar les dades assenyalades com a necess\u00e0ries pot suposar la impossibilitat de prestar adequadament aquests serveis. Aix\u00ed mateix, podr\u00e0 facilitar dades de manera volunt\u00e0ria amb l&#039;objectiu que es puguin prestar de manera \u00f2ptima aquests serveis. Igualment, determinades funcionalitats de la web depenen que [&hellip;]\" \/>\n<meta property=\"og:url\" content=\"https:\/\/sorianoadvocats.com\/politica-de-privacidad\/\" \/>\n<meta property=\"og:site_name\" content=\"Soriano Advocats\" \/>\n<meta property=\"article:publisher\" content=\"https:\/\/www.facebook.com\/sorianoadvocats\/\" \/>\n<meta property=\"article:modified_time\" content=\"2023-10-02T07:39:37+00:00\" \/>\n<meta name=\"twitter:card\" content=\"summary_large_image\" \/>\n<meta name=\"twitter:label1\" content=\"Est. reading time\" \/>\n\t<meta name=\"twitter:data1\" content=\"6 minutes\" \/>\n<script type=\"application\/ld+json\" class=\"yoast-schema-graph\">{\"@context\":\"https:\/\/schema.org\",\"@graph\":[{\"@type\":\"WebPage\",\"@id\":\"https:\/\/sorianoadvocats.com\/politica-de-privacidad\/\",\"url\":\"https:\/\/sorianoadvocats.com\/politica-de-privacidad\/\",\"name\":\"Pol\u00edtica de privadesa - Soriano Advocats\",\"isPartOf\":{\"@id\":\"https:\/\/sorianoadvocats.com\/#website\"},\"datePublished\":\"2023-06-29T11:19:37+00:00\",\"dateModified\":\"2023-10-02T07:39:37+00:00\",\"breadcrumb\":{\"@id\":\"https:\/\/sorianoadvocats.com\/politica-de-privacidad\/#breadcrumb\"},\"inLanguage\":\"ca-CA\",\"potentialAction\":[{\"@type\":\"ReadAction\",\"target\":[\"https:\/\/sorianoadvocats.com\/politica-de-privacidad\/\"]}]},{\"@type\":\"BreadcrumbList\",\"@id\":\"https:\/\/sorianoadvocats.com\/politica-de-privacidad\/#breadcrumb\",\"itemListElement\":[{\"@type\":\"ListItem\",\"position\":1,\"name\":\"Portada\",\"item\":\"https:\/\/sorianoadvocats.com\/ca\/\"},{\"@type\":\"ListItem\",\"position\":2,\"name\":\"Pol\u00edtica de privadesa\"}]},{\"@type\":\"WebSite\",\"@id\":\"https:\/\/sorianoadvocats.com\/#website\",\"url\":\"https:\/\/sorianoadvocats.com\/\",\"name\":\"Soriano Advocats\",\"description\":\"Otro sitio realizado con WordPress\",\"potentialAction\":[{\"@type\":\"SearchAction\",\"target\":{\"@type\":\"EntryPoint\",\"urlTemplate\":\"https:\/\/sorianoadvocats.com\/?s={search_term_string}\"},\"query-input\":{\"@type\":\"PropertyValueSpecification\",\"valueRequired\":true,\"valueName\":\"search_term_string\"}}],\"inLanguage\":\"ca-CA\"}]}<\/script>\n<!-- \/ Yoast SEO plugin. -->","yoast_head_json":{"title":"Pol\u00edtica de privadesa - Soriano Advocats","robots":{"index":"index","follow":"follow","max-snippet":"max-snippet:-1","max-image-preview":"max-image-preview:large","max-video-preview":"max-video-preview:-1"},"canonical":"https:\/\/sorianoadvocats.com\/politica-de-privacidad\/","og_locale":"en_US","og_type":"article","og_title":"Pol\u00edtica de privadesa - Soriano Advocats","og_description":"Pol\u00edtica de Privadesa &nbsp; Qui \u00e9s el responsable del tractament de les dades personals? D'acord amb all\u00f2 establert a la normativa vigent, us informem que les dades personals que pugueu facilitar durant l'\u00fas de la web www.sorianoadvocats.com (d'ara endavant \u201cla Web\u201d) seran tractades en qualitat de Responsable del tractament per Enric Soriano Ortin (d'ara endavant \u00abSORIANO ADVOCATS\u00bb), amb DNI 40.976.492Z, amb domicili a Travessera de Gr\u00e0cia 18 \u2013 20, 1r 2a, 08021, Barcelona. Podreu posar-vos en contacte amb el Delegat de Protecci\u00f3 de Dades de SORIANO ADVOCATS a trav\u00e9s del Correu electr\u00f2nic: soriano@sorianoadvocats.com Est\u00e0 obligat a facilitar dades personals? La visita a la Web no suposa que l'usuari estigui obligat a facilitar cap informaci\u00f3 sobre ell mateix. Aix\u00f2 no obstant, l'\u00fas d'alguns dels serveis disponibles a la Web dep\u00e8n de l'emplenament de formularis d'informaci\u00f3 personal. Les dades que se sol\u00b7licitin als diferents formularis de la Web s\u00f3n les necess\u00e0ries per prestar els serveis sol\u00b7licitats. La negativa a proporcionar les dades assenyalades com a necess\u00e0ries pot suposar la impossibilitat de prestar adequadament aquests serveis. Aix\u00ed mateix, podr\u00e0 facilitar dades de manera volunt\u00e0ria amb l'objectiu que es puguin prestar de manera \u00f2ptima aquests serveis. Igualment, determinades funcionalitats de la web depenen que [&hellip;]","og_url":"https:\/\/sorianoadvocats.com\/politica-de-privacidad\/","og_site_name":"Soriano Advocats","article_publisher":"https:\/\/www.facebook.com\/sorianoadvocats\/","article_modified_time":"2023-10-02T07:39:37+00:00","twitter_card":"summary_large_image","twitter_misc":{"Est. reading time":"6 minutes"},"schema":{"@context":"https:\/\/schema.org","@graph":[{"@type":"WebPage","@id":"https:\/\/sorianoadvocats.com\/politica-de-privacidad\/","url":"https:\/\/sorianoadvocats.com\/politica-de-privacidad\/","name":"Pol\u00edtica de privadesa - Soriano Advocats","isPartOf":{"@id":"https:\/\/sorianoadvocats.com\/#website"},"datePublished":"2023-06-29T11:19:37+00:00","dateModified":"2023-10-02T07:39:37+00:00","breadcrumb":{"@id":"https:\/\/sorianoadvocats.com\/politica-de-privacidad\/#breadcrumb"},"inLanguage":"ca-CA","potentialAction":[{"@type":"ReadAction","target":["https:\/\/sorianoadvocats.com\/politica-de-privacidad\/"]}]},{"@type":"BreadcrumbList","@id":"https:\/\/sorianoadvocats.com\/politica-de-privacidad\/#breadcrumb","itemListElement":[{"@type":"ListItem","position":1,"name":"Portada","item":"https:\/\/sorianoadvocats.com\/ca\/"},{"@type":"ListItem","position":2,"name":"Pol\u00edtica de privadesa"}]},{"@type":"WebSite","@id":"https:\/\/sorianoadvocats.com\/#website","url":"https:\/\/sorianoadvocats.com\/","name":"Soriano Advocats","description":"Otro sitio realizado con WordPress","potentialAction":[{"@type":"SearchAction","target":{"@type":"EntryPoint","urlTemplate":"https:\/\/sorianoadvocats.com\/?s={search_term_string}"},"query-input":{"@type":"PropertyValueSpecification","valueRequired":true,"valueName":"search_term_string"}}],"inLanguage":"ca-CA"}]}},"_links":{"self":[{"href":"https:\/\/sorianoadvocats.com\/ca\/wp-json\/wp\/v2\/pages\/434","targetHints":{"allow":["GET"]}}],"collection":[{"href":"https:\/\/sorianoadvocats.com\/ca\/wp-json\/wp\/v2\/pages"}],"about":[{"href":"https:\/\/sorianoadvocats.com\/ca\/wp-json\/wp\/v2\/types\/page"}],"author":[{"embeddable":true,"href":"https:\/\/sorianoadvocats.com\/ca\/wp-json\/wp\/v2\/users\/1"}],"replies":[{"embeddable":true,"href":"https:\/\/sorianoadvocats.com\/ca\/wp-json\/wp\/v2\/comments?post=434"}],"version-history":[{"count":5,"href":"https:\/\/sorianoadvocats.com\/ca\/wp-json\/wp\/v2\/pages\/434\/revisions"}],"predecessor-version":[{"id":484,"href":"https:\/\/sorianoadvocats.com\/ca\/wp-json\/wp\/v2\/pages\/434\/revisions\/484"}],"wp:attachment":[{"href":"https:\/\/sorianoadvocats.com\/ca\/wp-json\/wp\/v2\/media?parent=434"}],"curies":[{"name":"wp","href":"https:\/\/api.w.org\/{rel}","templated":true}]}}